{"id":2365,"date":"2021-08-10T11:23:16","date_gmt":"2021-08-10T09:23:16","guid":{"rendered":"https:\/\/strukturpellets.de\/impression\/"},"modified":"2024-10-21T14:26:44","modified_gmt":"2024-10-21T12:26:44","slug":"impression","status":"publish","type":"page","link":"https:\/\/strukturpellets.de\/fr\/impression\/","title":{"rendered":"Imprint"},"content":{"rendered":"\t\t<div data-elementor-type=\"wp-page\" data-elementor-id=\"2365\" class=\"elementor elementor-2365\" data-elementor-post-type=\"page\">\n\t\t\t\t\t\t<section class=\"ob-is-breaking-bad elementor-section elementor-top-section elementor-element elementor-element-909c435 elementor-section-boxed elementor-section-height-default elementor-section-height-default\" data-id=\"909c435\" data-element_type=\"section\" data-e-type=\"section\" data-settings=\"{&quot;_ob_bbad_use_it&quot;:&quot;yes&quot;,&quot;_ob_bbad_sssic_use&quot;:&quot;no&quot;,&quot;_ob_glider_is_slider&quot;:&quot;no&quot;}\">\n\t\t\t\t\t\t<div class=\"elementor-container elementor-column-gap-default\">\n\t\t\t\t\t<div class=\"elementor-column elementor-col-100 elementor-top-column elementor-element elementor-element-9ece398\" data-id=\"9ece398\" data-element_type=\"column\" data-e-type=\"column\" data-settings=\"{&quot;_ob_bbad_is_stalker&quot;:&quot;no&quot;,&quot;_ob_teleporter_use&quot;:false,&quot;_ob_column_hoveranimator&quot;:&quot;no&quot;,&quot;_ob_column_has_pseudo&quot;:&quot;no&quot;}\">\n\t\t\t<div class=\"elementor-widget-wrap elementor-element-populated\">\n\t\t\t\t\t\t<div class=\"elementor-element elementor-element-e07031f ob-harakiri-inherit ob-has-background-overlay elementor-widget elementor-widget-heading\" data-id=\"e07031f\" data-element_type=\"widget\" data-e-type=\"widget\" data-settings=\"{&quot;_ob_use_harakiri&quot;:&quot;yes&quot;,&quot;_ob_harakiri_writing_mode&quot;:&quot;inherit&quot;,&quot;_ob_harakiri_text_clip&quot;:&quot;none&quot;,&quot;_ob_perspektive_use&quot;:&quot;no&quot;,&quot;_ob_poopart_use&quot;:&quot;yes&quot;,&quot;_ob_shadough_use&quot;:&quot;no&quot;,&quot;_ob_allow_hoveranimator&quot;:&quot;no&quot;,&quot;_ob_widget_stalker_use&quot;:&quot;no&quot;}\" data-widget_type=\"heading.default\">\n\t\t\t\t<div class=\"elementor-widget-container\">\n\t\t\t\t\t<h2 class=\"elementor-heading-title elementor-size-default\">Imprint<\/h2>\t\t\t\t<\/div>\n\t\t\t\t<\/div>\n\t\t\t\t<div class=\"elementor-element elementor-element-7bc0234 ob-harakiri-inherit ob-has-background-overlay elementor-widget elementor-widget-text-editor\" data-id=\"7bc0234\" data-element_type=\"widget\" data-e-type=\"widget\" data-settings=\"{&quot;_ob_use_harakiri&quot;:&quot;yes&quot;,&quot;_ob_harakiri_writing_mode&quot;:&quot;inherit&quot;,&quot;_ob_postman_use&quot;:&quot;no&quot;,&quot;_ob_perspektive_use&quot;:&quot;no&quot;,&quot;_ob_poopart_use&quot;:&quot;yes&quot;,&quot;_ob_shadough_use&quot;:&quot;no&quot;,&quot;_ob_allow_hoveranimator&quot;:&quot;no&quot;,&quot;_ob_widget_stalker_use&quot;:&quot;no&quot;}\" data-widget_type=\"text-editor.default\">\n\t\t\t\t<div class=\"elementor-widget-container\">\n\t\t\t\t\t\t\t\t\t<p>Informations et identification du fournisseur conform\u00e9ment \u00e0 la loi sur les t\u00e9l\u00e9m\u00e9dias (TMG)<br \/>Mentions l\u00e9gales et identification du fournisseur conform\u00e9ment \u00e0 l&rsquo;article 5 de la Telemediengesetz (TMG) <br \/><a href=\"https:\/\/landmaschinen.krone.de\/deutsch\/agb-ekb\/\"><br \/>Conditions de vente \/ Conditions d&rsquo;achat<br \/>Conditions g\u00e9n\u00e9rales \/ Conditions d&rsquo;achat<\/a><\/p><p><strong>Maschinenfabrik Bernard Krone GmbH &amp; Co. KG<br \/><\/strong>Heinrich-Krone-Stra\u00dfe 10<br \/>48480 Spelle<br \/>T\u00e9l\u00e9phone : +49(0)5977\/935-0<br \/>Fax: +49(0)5977\/935-339<br \/>Mail: info.ldm@krone.de<\/p><p>Tribunal d&rsquo;enregistrement \/ Register Court : Tribunal d&rsquo;instance d&rsquo;Osnabr\u00fcck, HRA 204871<br \/>USt-IdNr. \/ num\u00e9ro VAT : DE815614485<\/p><p>Associ\u00e9 commandit\u00e9 \/ General Partner : Maschinenfabrik Krone Verwaltungs-GmbH, <br \/>Tribunal d&rsquo;instance d&rsquo;Osnabr\u00fcck HRB 210009<\/p><p>Directeur \/ Managers :<br \/>Dipl.-Kfm. Martin Eying<br \/>Jan Horstmann<br \/>Heiner Br\u00fcning<\/p>\t\t\t\t\t\t\t\t<\/div>\n\t\t\t\t<\/div>\n\t\t\t\t\t<\/div>\n\t\t<\/div>\n\t\t\t\t\t<\/div>\n\t\t<\/section>\n\t\t\t\t<\/div>\n\t\t","protected":false},"excerpt":{"rendered":"<p>Imprint Informations et identification du fournisseur conform\u00e9ment \u00e0 la loi sur les t\u00e9l\u00e9m\u00e9dias (TMG)Mentions l\u00e9gales et identification du fournisseur conform\u00e9ment \u00e0 l&rsquo;article 5 de la Telemediengesetz (TMG) Conditions de vente \/ Conditions d&rsquo;achatConditions g\u00e9n\u00e9rales \/ Conditions d&rsquo;achat Maschinenfabrik Bernard Krone GmbH &amp; Co. KGHeinrich-Krone-Stra\u00dfe 1048480 SpelleT\u00e9l\u00e9phone : +49(0)5977\/935-0Fax: +49(0)5977\/935-339Mail: info.ldm@krone.de Tribunal d&rsquo;enregistrement \/ Register Court [&hellip;]<\/p>\n","protected":false},"author":3,"featured_media":0,"parent":0,"menu_order":0,"comment_status":"closed","ping_status":"closed","template":"","meta":{"site-sidebar-layout":"no-sidebar","site-content-layout":"page-builder","ast-site-content-layout":"default","site-content-style":"default","site-sidebar-style":"default","ast-global-header-display":"","ast-banner-title-visibility":"","ast-main-header-display":"","ast-hfb-above-header-display":"","ast-hfb-below-header-display":"","ast-hfb-mobile-header-display":"","site-post-title":"disabled","ast-breadcrumbs-content":"","ast-featured-img":"d\u00e9sactiv\u00e9","footer-sml-layout":"","ast-disable-related-posts":"","theme-transparent-header-meta":"default","adv-header-id-meta":"","stick-header-meta":"","header-above-stick-meta":"","header-main-stick-meta":"","header-below-stick-meta":"","astra-migrate-meta-layouts":"default","ast-page-background-enabled":"default","ast-page-background-meta":{"desktop":{"background-color":"var(--ast-global-color-4)","background-image":"","background-repeat":"repeat","background-position":"center center","background-size":"auto","background-attachment":"scroll","background-type":"","background-media":"","overlay-type":"","overlay-color":"","overlay-opacity":"","overlay-gradient":""},"tablet":{"background-color":"","background-image":"","background-repeat":"repeat","background-position":"center center","background-size":"auto","background-attachment":"scroll","background-type":"","background-media":"","overlay-type":"","overlay-color":"","overlay-opacity":"","overlay-gradient":""},"mobile":{"background-color":"","background-image":"","background-repeat":"repeat","background-position":"center center","background-size":"auto","background-attachment":"scroll","background-type":"","background-media":"","overlay-type":"","overlay-color":"","overlay-opacity":"","overlay-gradient":""}},"ast-content-background-meta":{"desktop":{"background-color":"var(--ast-global-color-5)","background-image":"","background-repeat":"repeat","background-position":"center center","background-size":"auto","background-attachment":"scroll","background-type":"","background-media":"","overlay-type":"","overlay-color":"","overlay-opacity":"","overlay-gradient":""},"tablet":{"background-color":"var(--ast-global-color-5)","background-image":"","background-repeat":"repeat","background-position":"center center","background-size":"auto","background-attachment":"scroll","background-type":"","background-media":"","overlay-type":"","overlay-color":"","overlay-opacity":"","overlay-gradient":""},"mobile":{"background-color":"var(--ast-global-color-5)","background-image":"","background-repeat":"repeat","background-position":"center center","background-size":"auto","background-attachment":"scroll","background-type":"","background-media":"","overlay-type":"","overlay-color":"","overlay-opacity":"","overlay-gradient":""}},"footnotes":""},"class_list":["post-2365","page","type-page","status-publish","hentry"],"yoast_head":"<!-- This site is optimized with the Yoast SEO plugin v27.3 - https:\/\/yoast.com\/product\/yoast-seo-wordpress\/ -->\n<title>Imprint - Strukturpellets<\/title>\n<meta name=\"robots\" content=\"index, follow, max-snippet:-1, max-image-preview:large, max-video-preview:-1\" \/>\n<link rel=\"canonical\" href=\"https:\/\/strukturpellets.de\/fr\/impression\/\" \/>\n<meta property=\"og:locale\" content=\"fr_FR\" \/>\n<meta property=\"og:type\" content=\"article\" \/>\n<meta property=\"og:title\" content=\"Imprint - Strukturpellets\" \/>\n<meta property=\"og:description\" content=\"Imprint Informations et identification du fournisseur conform\u00e9ment \u00e0 la loi sur les t\u00e9l\u00e9m\u00e9dias (TMG)Mentions l\u00e9gales et identification du fournisseur conform\u00e9ment \u00e0 l&rsquo;article 5 de la Telemediengesetz (TMG) Conditions de vente \/ Conditions d&rsquo;achatConditions g\u00e9n\u00e9rales \/ Conditions d&rsquo;achat Maschinenfabrik Bernard Krone GmbH &amp; Co. KGHeinrich-Krone-Stra\u00dfe 1048480 SpelleT\u00e9l\u00e9phone : +49(0)5977\/935-0Fax: +49(0)5977\/935-339Mail: info.ldm@krone.de Tribunal d&rsquo;enregistrement \/ Register Court [&hellip;]\" \/>\n<meta property=\"og:url\" content=\"https:\/\/strukturpellets.de\/fr\/impression\/\" \/>\n<meta property=\"og:site_name\" content=\"Strukturpellets\" \/>\n<meta property=\"article:modified_time\" content=\"2024-10-21T12:26:44+00:00\" \/>\n<meta name=\"twitter:card\" content=\"summary_large_image\" \/>\n<meta name=\"twitter:label1\" content=\"Dur\u00e9e de lecture estim\u00e9e\" \/>\n\t<meta name=\"twitter:data1\" content=\"1 minute\" \/>\n<script type=\"application\/ld+json\" class=\"yoast-schema-graph\">{\"@context\":\"https:\\\/\\\/schema.org\",\"@graph\":[{\"@type\":\"WebPage\",\"@id\":\"https:\\\/\\\/strukturpellets.de\\\/fr\\\/impression\\\/\",\"url\":\"https:\\\/\\\/strukturpellets.de\\\/fr\\\/impression\\\/\",\"name\":\"Imprint - Strukturpellets\",\"isPartOf\":{\"@id\":\"https:\\\/\\\/strukturpellets.de\\\/fr\\\/#website\"},\"datePublished\":\"2021-08-10T09:23:16+00:00\",\"dateModified\":\"2024-10-21T12:26:44+00:00\",\"breadcrumb\":{\"@id\":\"https:\\\/\\\/strukturpellets.de\\\/fr\\\/impression\\\/#breadcrumb\"},\"inLanguage\":\"fr-FR\",\"potentialAction\":[{\"@type\":\"ReadAction\",\"target\":[\"https:\\\/\\\/strukturpellets.de\\\/fr\\\/impression\\\/\"]}]},{\"@type\":\"BreadcrumbList\",\"@id\":\"https:\\\/\\\/strukturpellets.de\\\/fr\\\/impression\\\/#breadcrumb\",\"itemListElement\":[{\"@type\":\"ListItem\",\"position\":1,\"name\":\"Startseite\",\"item\":\"https:\\\/\\\/strukturpellets.de\\\/fr\\\/\"},{\"@type\":\"ListItem\",\"position\":2,\"name\":\"Imprint\"}]},{\"@type\":\"WebSite\",\"@id\":\"https:\\\/\\\/strukturpellets.de\\\/fr\\\/#website\",\"url\":\"https:\\\/\\\/strukturpellets.de\\\/fr\\\/\",\"name\":\"Strukturpellets\",\"description\":\"Strukturpellets in der praktischen Anwendung\",\"publisher\":{\"@id\":\"https:\\\/\\\/strukturpellets.de\\\/fr\\\/#organization\"},\"potentialAction\":[{\"@type\":\"SearchAction\",\"target\":{\"@type\":\"EntryPoint\",\"urlTemplate\":\"https:\\\/\\\/strukturpellets.de\\\/fr\\\/?s={search_term_string}\"},\"query-input\":{\"@type\":\"PropertyValueSpecification\",\"valueRequired\":true,\"valueName\":\"search_term_string\"}}],\"inLanguage\":\"fr-FR\"},{\"@type\":\"Organization\",\"@id\":\"https:\\\/\\\/strukturpellets.de\\\/fr\\\/#organization\",\"name\":\"Strukturpellets\",\"url\":\"https:\\\/\\\/strukturpellets.de\\\/fr\\\/\",\"logo\":{\"@type\":\"ImageObject\",\"inLanguage\":\"fr-FR\",\"@id\":\"https:\\\/\\\/strukturpellets.de\\\/fr\\\/#\\\/schema\\\/logo\\\/image\\\/\",\"url\":\"https:\\\/\\\/strukturpellets.de\\\/wp-content\\\/uploads\\\/2024\\\/04\\\/cropped-strukturpellets-logo_-03.png\",\"contentUrl\":\"https:\\\/\\\/strukturpellets.de\\\/wp-content\\\/uploads\\\/2024\\\/04\\\/cropped-strukturpellets-logo_-03.png\",\"width\":268,\"height\":39,\"caption\":\"Strukturpellets\"},\"image\":{\"@id\":\"https:\\\/\\\/strukturpellets.de\\\/fr\\\/#\\\/schema\\\/logo\\\/image\\\/\"}}]}<\/script>\n<!-- \/ Yoast SEO plugin. -->","yoast_head_json":{"title":"Imprint - Strukturpellets","robots":{"index":"index","follow":"follow","max-snippet":"max-snippet:-1","max-image-preview":"max-image-preview:large","max-video-preview":"max-video-preview:-1"},"canonical":"https:\/\/strukturpellets.de\/fr\/impression\/","og_locale":"fr_FR","og_type":"article","og_title":"Imprint - Strukturpellets","og_description":"Imprint Informations et identification du fournisseur conform\u00e9ment \u00e0 la loi sur les t\u00e9l\u00e9m\u00e9dias (TMG)Mentions l\u00e9gales et identification du fournisseur conform\u00e9ment \u00e0 l&rsquo;article 5 de la Telemediengesetz (TMG) Conditions de vente \/ Conditions d&rsquo;achatConditions g\u00e9n\u00e9rales \/ Conditions d&rsquo;achat Maschinenfabrik Bernard Krone GmbH &amp; Co. KGHeinrich-Krone-Stra\u00dfe 1048480 SpelleT\u00e9l\u00e9phone : +49(0)5977\/935-0Fax: +49(0)5977\/935-339Mail: info.ldm@krone.de Tribunal d&rsquo;enregistrement \/ Register Court [&hellip;]","og_url":"https:\/\/strukturpellets.de\/fr\/impression\/","og_site_name":"Strukturpellets","article_modified_time":"2024-10-21T12:26:44+00:00","twitter_card":"summary_large_image","twitter_misc":{"Dur\u00e9e de lecture estim\u00e9e":"1 minute"},"schema":{"@context":"https:\/\/schema.org","@graph":[{"@type":"WebPage","@id":"https:\/\/strukturpellets.de\/fr\/impression\/","url":"https:\/\/strukturpellets.de\/fr\/impression\/","name":"Imprint - Strukturpellets","isPartOf":{"@id":"https:\/\/strukturpellets.de\/fr\/#website"},"datePublished":"2021-08-10T09:23:16+00:00","dateModified":"2024-10-21T12:26:44+00:00","breadcrumb":{"@id":"https:\/\/strukturpellets.de\/fr\/impression\/#breadcrumb"},"inLanguage":"fr-FR","potentialAction":[{"@type":"ReadAction","target":["https:\/\/strukturpellets.de\/fr\/impression\/"]}]},{"@type":"BreadcrumbList","@id":"https:\/\/strukturpellets.de\/fr\/impression\/#breadcrumb","itemListElement":[{"@type":"ListItem","position":1,"name":"Startseite","item":"https:\/\/strukturpellets.de\/fr\/"},{"@type":"ListItem","position":2,"name":"Imprint"}]},{"@type":"WebSite","@id":"https:\/\/strukturpellets.de\/fr\/#website","url":"https:\/\/strukturpellets.de\/fr\/","name":"Strukturpellets","description":"Strukturpellets in der praktischen Anwendung","publisher":{"@id":"https:\/\/strukturpellets.de\/fr\/#organization"},"potentialAction":[{"@type":"SearchAction","target":{"@type":"EntryPoint","urlTemplate":"https:\/\/strukturpellets.de\/fr\/?s={search_term_string}"},"query-input":{"@type":"PropertyValueSpecification","valueRequired":true,"valueName":"search_term_string"}}],"inLanguage":"fr-FR"},{"@type":"Organization","@id":"https:\/\/strukturpellets.de\/fr\/#organization","name":"Strukturpellets","url":"https:\/\/strukturpellets.de\/fr\/","logo":{"@type":"ImageObject","inLanguage":"fr-FR","@id":"https:\/\/strukturpellets.de\/fr\/#\/schema\/logo\/image\/","url":"https:\/\/strukturpellets.de\/wp-content\/uploads\/2024\/04\/cropped-strukturpellets-logo_-03.png","contentUrl":"https:\/\/strukturpellets.de\/wp-content\/uploads\/2024\/04\/cropped-strukturpellets-logo_-03.png","width":268,"height":39,"caption":"Strukturpellets"},"image":{"@id":"https:\/\/strukturpellets.de\/fr\/#\/schema\/logo\/image\/"}}]}},"_links":{"self":[{"href":"https:\/\/strukturpellets.de\/fr\/wp-json\/wp\/v2\/pages\/2365","targetHints":{"allow":["GET"]}}],"collection":[{"href":"https:\/\/strukturpellets.de\/fr\/wp-json\/wp\/v2\/pages"}],"about":[{"href":"https:\/\/strukturpellets.de\/fr\/wp-json\/wp\/v2\/types\/page"}],"author":[{"embeddable":true,"href":"https:\/\/strukturpellets.de\/fr\/wp-json\/wp\/v2\/users\/3"}],"replies":[{"embeddable":true,"href":"https:\/\/strukturpellets.de\/fr\/wp-json\/wp\/v2\/comments?post=2365"}],"version-history":[{"count":12,"href":"https:\/\/strukturpellets.de\/fr\/wp-json\/wp\/v2\/pages\/2365\/revisions"}],"predecessor-version":[{"id":2872,"href":"https:\/\/strukturpellets.de\/fr\/wp-json\/wp\/v2\/pages\/2365\/revisions\/2872"}],"wp:attachment":[{"href":"https:\/\/strukturpellets.de\/fr\/wp-json\/wp\/v2\/media?parent=2365"}],"curies":[{"name":"wp","href":"https:\/\/api.w.org\/{rel}","templated":true}]}}